{"id":1198,"date":"2018-10-02T14:26:16","date_gmt":"2018-10-02T12:26:16","guid":{"rendered":"https:\/\/zschorlau.help\/?page_id=1198"},"modified":"2026-03-25T10:20:44","modified_gmt":"2026-03-25T09:20:44","slug":"100-lampen-in-dunkle-huetten","status":"publish","type":"page","link":"https:\/\/zschorlau.help\/index.php\/projekte\/100-lampen-in-dunkle-huetten\/","title":{"rendered":"Licht in dunkle H\u00fctten"},"content":{"rendered":"<section class=\"l-section wpb_row height_large with_img parallax_ver\"><div class=\"l-section-img\" role=\"img\" aria-label=\"Bild\" data-img-width=\"768\" data-img-height=\"1024\" style=\"background-image: url(https:\/\/zschorlau.help\/wp-content\/uploads\/2018\/09\/WhatsApp-Image-2018-09-20-at-20.09.33.jpeg);\"><\/div><div class=\"l-section-overlay\" style=\"background:rgba(0,0,0,0.4)\"><\/div><div class=\"l-section-h i-cf\"><div class=\"g-cols vc_row via_flex valign_top type_default stacking_default\"><div class=\"vc_col-sm-12 wpb_column vc_column_container\"><div class=\"vc_column-inner\"><div class=\"wpb_wrapper\"><div class=\"wpb_text_column\"><div class=\"wpb_wrapper\"><h2 style=\"text-align: center;\"><span style=\"color: #ffffff;\">Licht\u00a0 in\u00a0 dunkle H\u00fctten<\/span><\/h2>\n<\/div><\/div><\/div><\/div><\/div><\/div><\/div><\/section><section class=\"l-section wpb_row height_medium\"><div class=\"l-section-h i-cf\"><div class=\"g-cols vc_row via_flex valign_top type_default stacking_default\"><div class=\"vc_col-sm-3 wpb_column vc_column_container\"><div class=\"vc_column-inner\"><div class=\"wpb_wrapper\"><div class=\"w-slider style_none fit_contain nav_none count_6\"><div class=\"w-slider-h\" aria-hidden=\"true\"><div class=\"royalSlider\"><div class=\"rsContent\"><a class=\"rsImg\" data-rsw=\"768\" data-rsh=\"1024\" href=\"https:\/\/zschorlau.help\/wp-content\/uploads\/2018\/09\/WhatsApp-Image-2018-09-20-at-20.09.33-768x1024.jpeg\"><span data-alt=\"\"><\/span><\/a><\/div><div class=\"rsContent\"><a class=\"rsImg\" data-rsw=\"768\" data-rsh=\"1024\" href=\"https:\/\/zschorlau.help\/wp-content\/uploads\/2018\/08\/WhatsApp-Image-2018-09-26-at-09.36.42-768x1024.jpeg\"><span data-alt=\"\"><\/span><\/a><\/div><div class=\"rsContent\"><a class=\"rsImg\" data-rsw=\"1024\" data-rsh=\"768\" href=\"https:\/\/zschorlau.help\/wp-content\/uploads\/2018\/09\/WhatsApp-Image-2018-09-03-at-09.41.43-1024x768.jpeg\"><span data-alt=\"\"><\/span><\/a><\/div><div class=\"rsContent\"><a class=\"rsImg\" data-rsw=\"1024\" data-rsh=\"768\" href=\"https:\/\/zschorlau.help\/wp-content\/uploads\/2025\/01\/IMG-20231030-WA0019.jpg\"><span data-alt=\"\"><\/span><\/a><\/div><div class=\"rsContent\"><a class=\"rsImg\" data-rsw=\"768\" data-rsh=\"1024\" href=\"https:\/\/zschorlau.help\/wp-content\/uploads\/2025\/01\/IMG-20231030-WA0006.jpg\"><span data-alt=\"\"><\/span><\/a><\/div><div class=\"rsContent\"><a class=\"rsImg\" data-rsw=\"1024\" data-rsh=\"768\" href=\"https:\/\/zschorlau.help\/wp-content\/uploads\/2022\/11\/image0-1024x768.jpeg\"><span data-alt=\"\"><\/span><\/a><\/div><\/div><img decoding=\"async\" src=\"https:\/\/zschorlau.help\/wp-content\/uploads\/2018\/09\/WhatsApp-Image-2018-09-20-at-20.09.33-768x1024.jpeg\" width=\"768\" height=\"1024\" alt loading=\"lazy\"><\/div><div class=\"w-slider-json\" onclick='return {&quot;autoScaleSlider&quot;:true,&quot;addActiveClass&quot;:true,&quot;loop&quot;:true,&quot;fadeInLoadedSlide&quot;:false,&quot;slidesSpacing&quot;:0,&quot;imageScalePadding&quot;:0,&quot;numImagesToPreload&quot;:2,&quot;arrowsNav&quot;:true,&quot;arrowsNavAutoHide&quot;:false,&quot;transitionType&quot;:&quot;move&quot;,&quot;transitionSpeed&quot;:250,&quot;block&quot;:{&quot;moveEffect&quot;:&quot;none&quot;,&quot;speed&quot;:300},&quot;thumbs&quot;:{&quot;fitInViewport&quot;:false,&quot;firstMargin&quot;:false,&quot;spacing&quot;:4},&quot;controlNavigation&quot;:&quot;none&quot;,&quot;autoplay&quot;:{&quot;enabled&quot;:true,&quot;pauseOnHover&quot;:true,&quot;delay&quot;:3000},&quot;autoScaleSliderWidth&quot;:768,&quot;autoScaleSliderHeight&quot;:1024}'><\/div><\/div><\/div><\/div><\/div><div class=\"vc_col-sm-9 wpb_column vc_column_container\"><div class=\"vc_column-inner\"><div class=\"wpb_wrapper\"><div class=\"wpb_text_column\"><div class=\"wpb_wrapper\"><h6>Mit diesem Projekt k\u00f6nnen wir mit relativ geringem Aufwand, gr\u00f6\u00dftm\u00f6glichen Nutzen f\u00fcr viele Menschen erreichen.<\/h6>\n<p>Am Anfang war die \u00dcberlegung, was nachhaltig daf\u00fcr geeignet sein k\u00f6nnte. Was kann gut helfen, die Lebensumst\u00e4nde entscheidend zu verbessern. Schnell kamen wir auf die Idee, dass elektrisches Licht eine riesige Erleichterung f\u00fcr das Leben im Busch sein wird. Zwar k\u00f6nnen wir nicht ganze D\u00f6rfer elektrifizieren, aber es geht ja auch anders.<\/p>\n<p>So kamen wir auf die<strong> Solarlampen<\/strong> von &#8222;Sun King&#8220;. Die Lampen speichern die Energie der Sonne und k\u00f6nnen dann bis zu<strong> 40 Stunden<\/strong> leuchten. Das Produkt hat uns \u00fcberzeugt und wir haben begonnen Spenden daf\u00fcr zu sammeln. Es sollten 100 Lampen werden und dazu werden ca. 2500,-\u20ac ben\u00f6tigt. Begonnen haben wir dann sofort die Bestellung zu organisieren, denn wir waren uns ziemlich sicher, dass wir das Geld zusammen bekommen.<\/p>\n<p>Es hat reibungslos funktioniert, die Lampen wurden direkt von Nairobi in das B\u00fcro der Sicherheitsfirma G4S nach Ukunda geliefert. Wir waren total erleichtert, dass der Geldtransfer und der Transport so reibungslos funktioniert haben. Beate konnte die Pakete dann direkt vor Ort in Empfang nehmen.<\/p>\n<\/div><\/div><\/div><\/div><\/div><\/div><\/div><\/section><section class=\"l-section wpb_row height_medium\"><div class=\"l-section-h i-cf\"><div class=\"g-cols vc_row via_flex valign_top type_default stacking_default\"><div class=\"vc_col-sm-12 wpb_column vc_column_container\"><div class=\"vc_column-inner\"><div class=\"wpb_wrapper\"><div class=\"g-cols wpb_row via_flex valign_top type_default stacking_default\"><div class=\"vc_col-sm-8 wpb_column vc_column_container\"><div class=\"vc_column-inner\"><div class=\"wpb_wrapper\"><div class=\"wpb_text_column\"><div class=\"wpb_wrapper\"><p><strong>Was dann geschah war einfach wunderbar.<\/strong> Gemeinsam mit Kim und Jimi, unseren Projektleitern vor Ort, konnte Beate <strong>LICHT in 100 dunkle H\u00fctten\u00a0<\/strong>bringen.<\/p>\n<p>Und nicht nur in die H\u00fctten sondern auch in die Gesichter der Beschenkten.<strong> Sie strahlten regelrecht um die Wette.<\/strong><\/p>\n<p>Das Projekt ist auch deshalb so wertvoll und kommt so gut in Kenia an, da es am \u00c4quator schon ab ca. 18:00 Uhr dunkel ist. Ohne Lampen hilft man sich mit offenem Feuer, bzw. wenn man Geld hat, mit Petroleum oder Kerzen.<\/p>\n<p>Zus\u00e4tzlich kann man mit den Lampen noch den Akku von seinem Handy laden. Auch das ist eine gro\u00dfe Erleichterung f\u00fcr den Alltag. Man muss sonst kilometerweit laufen um eine Ladestelle f\u00fcr sein Handy zu erreichen. Wir k\u00f6nnen den Familien in den afrikanischen D\u00f6rfern somit finanziell und auch ganz praktisch helfen. Die Kinder erledigen ihre Hausaufgaben jetzt im Schein der Lampen und die Eltern m\u00fcssen kein Geld mehr f\u00fcr Petroleum oder die Akkuladung ihres Handys ausgeben.<\/p>\n<p>Damit erreichen wir, mit wenigen Euro f\u00fcr eine Lampe, eine sprunghafte Steigerung der Lebensqualit\u00e4t einer ganzen Familie.<\/p>\n<\/div><\/div><\/div><\/div><\/div><div class=\"vc_col-sm-4 wpb_column vc_column_container\"><div class=\"vc_column-inner\"><div class=\"wpb_wrapper\"><div class=\"w-slider style_none fit_contain nav_none count_11\"><div class=\"w-slider-h\" aria-hidden=\"true\"><div class=\"royalSlider\"><div class=\"rsContent\"><a class=\"rsImg\" data-rsw=\"768\" data-rsh=\"1024\" href=\"https:\/\/zschorlau.help\/wp-content\/uploads\/2018\/10\/WhatsApp-Image-2018-10-05-at-22.00.18-768x1024.jpeg\"><span data-alt=\"\"><\/span><\/a><\/div><div class=\"rsContent\"><a class=\"rsImg\" data-rsw=\"768\" data-rsh=\"1024\" href=\"https:\/\/zschorlau.help\/wp-content\/uploads\/2018\/09\/WhatsApp-Image-2018-09-05-at-19.53.59-768x1024.jpeg\"><span data-alt=\"\"><\/span><\/a><\/div><div class=\"rsContent\"><a class=\"rsImg\" data-rsw=\"768\" data-rsh=\"1024\" href=\"https:\/\/zschorlau.help\/wp-content\/uploads\/2018\/09\/WhatsApp-Image-2018-09-05-at-19.54.001-768x1024.jpeg\"><span data-alt=\"\"><\/span><\/a><\/div><div class=\"rsContent\"><a class=\"rsImg\" data-rsw=\"1024\" data-rsh=\"768\" href=\"https:\/\/zschorlau.help\/wp-content\/uploads\/2018\/09\/WhatsApp-Image-2018-09-05-at-19.54.00-1024x768.jpeg\"><span data-alt=\"\"><\/span><\/a><\/div><div class=\"rsContent\"><a class=\"rsImg\" data-rsw=\"1024\" data-rsh=\"768\" href=\"https:\/\/zschorlau.help\/wp-content\/uploads\/2018\/10\/WhatsApp-Image-2018-09-16-at-16.48.35-1024x768.jpeg\"><span data-alt=\"\"><\/span><\/a><\/div><div class=\"rsContent\"><a class=\"rsImg\" data-rsw=\"1024\" data-rsh=\"768\" href=\"https:\/\/zschorlau.help\/wp-content\/uploads\/2022\/11\/image0-1024x768.jpeg\"><span data-alt=\"\"><\/span><\/a><\/div><div class=\"rsContent\"><a class=\"rsImg\" data-rsw=\"1024\" data-rsh=\"768\" href=\"https:\/\/zschorlau.help\/wp-content\/uploads\/2018\/10\/WhatsApp-Image-2018-10-02-at-05.49.16-1024x768.jpeg\"><span data-alt=\"\"><\/span><\/a><\/div><div class=\"rsContent\"><a class=\"rsImg\" data-rsw=\"1024\" data-rsh=\"768\" href=\"https:\/\/zschorlau.help\/wp-content\/uploads\/2026\/03\/LichtindunklenHuetten2.jpeg\"><span data-alt=\"\"><\/span><\/a><\/div><div class=\"rsContent\"><a class=\"rsImg\" data-rsw=\"1024\" data-rsh=\"768\" href=\"https:\/\/zschorlau.help\/wp-content\/uploads\/2026\/03\/LichtindunklenHuetten3.jpeg\"><span data-alt=\"\"><\/span><\/a><\/div><div class=\"rsContent\"><a class=\"rsImg\" data-rsw=\"768\" data-rsh=\"1024\" href=\"https:\/\/zschorlau.help\/wp-content\/uploads\/2026\/03\/LichtindunklenHuetten4.jpeg\"><span data-alt=\"\"><\/span><\/a><\/div><div class=\"rsContent\"><a class=\"rsImg\" data-rsw=\"768\" data-rsh=\"1024\" href=\"https:\/\/zschorlau.help\/wp-content\/uploads\/2026\/03\/LichtindunklenHuetten5.jpeg\"><span data-alt=\"\"><\/span><\/a><\/div><\/div><img decoding=\"async\" src=\"https:\/\/zschorlau.help\/wp-content\/uploads\/2018\/10\/WhatsApp-Image-2018-10-05-at-22.00.18-768x1024.jpeg\" width=\"768\" height=\"1024\" alt loading=\"lazy\"><\/div><div class=\"w-slider-json\" onclick='return {&quot;autoScaleSlider&quot;:true,&quot;addActiveClass&quot;:true,&quot;loop&quot;:true,&quot;fadeInLoadedSlide&quot;:false,&quot;slidesSpacing&quot;:0,&quot;imageScalePadding&quot;:0,&quot;numImagesToPreload&quot;:2,&quot;arrowsNav&quot;:true,&quot;arrowsNavAutoHide&quot;:false,&quot;transitionType&quot;:&quot;move&quot;,&quot;transitionSpeed&quot;:250,&quot;block&quot;:{&quot;moveEffect&quot;:&quot;none&quot;,&quot;speed&quot;:300},&quot;thumbs&quot;:{&quot;fitInViewport&quot;:false,&quot;firstMargin&quot;:false,&quot;spacing&quot;:4},&quot;controlNavigation&quot;:&quot;none&quot;,&quot;autoplay&quot;:{&quot;enabled&quot;:true,&quot;pauseOnHover&quot;:true,&quot;delay&quot;:3000},&quot;autoScaleSliderWidth&quot;:768,&quot;autoScaleSliderHeight&quot;:1024}'><\/div><\/div><\/div><\/div><\/div><\/div><\/div><\/div><\/div><\/div><\/div><\/section><section class=\"l-section wpb_row height_medium\"><div class=\"l-section-h i-cf\"><div class=\"g-cols vc_row via_flex valign_top type_default stacking_default\"><div class=\"vc_col-sm-6 wpb_column vc_column_container\"><div class=\"vc_column-inner\"><div class=\"wpb_wrapper\"><div class=\"w-counter us_custom_052d56ea color_secondary align_center has_font_size\" data-duration=\"2\"><div class=\"w-counter-value\"><span class=\"w-counter-value-part type_text\" data-final=\"nicht\">nicht<\/span><span class=\"w-counter-value-part type_number\" data-final=\"100\">0<\/span><span class=\"w-counter-value-part type_text\" data-final=\"\"><\/span><\/div><h3 class=\"w-counter-title\" style=\"font-size:50px;\">Lampen<\/h3><\/div><\/div><\/div><\/div><div class=\"vc_col-sm-6 wpb_column vc_column_container\"><div class=\"vc_column-inner\"><div class=\"wpb_wrapper\"><div class=\"w-counter us_custom_052d56ea Gr\u00f6\u00dfen color_secondary align_center has_font_size\" id=\"49pm\" data-duration=\"2\"><div class=\"w-counter-value\"><span class=\"w-counter-value-part type_text\" data-final=\"sogar\">sogar<\/span><span class=\"w-counter-value-part type_number\" data-final=\"900\">101<\/span><span class=\"w-counter-value-part type_text\" data-final=\"\"><\/span><\/div><h3 class=\"w-counter-title\" style=\"font-size:40px;\">Wow!<\/h3><\/div><\/div><\/div><\/div><\/div><\/div><\/section><section class=\"l-section wpb_row height_medium\"><div class=\"l-section-h i-cf\"><div class=\"g-cols vc_row via_flex valign_top type_default stacking_default\"><div class=\"vc_col-sm-2 wpb_column vc_column_container\"><div class=\"vc_column-inner\"><div class=\"wpb_wrapper\"><\/div><\/div><\/div><div class=\"vc_col-sm-8 wpb_column vc_column_container\"><div class=\"vc_column-inner\"><div class=\"wpb_wrapper\"><div class=\"wpb_text_column\"><div class=\"wpb_wrapper\"><p style=\"text-align: center;\">Unser neustes Projekt ist so gut angelaufen, dass wir uns entschieden haben eine weitere Lieferung zu bestellen. Eine zweite Lieferung wurde in die Wege geleitet. Dank der eingegangenen Spenden und eines guten Einkaufspreises sind nun auch die zweiten 100 Lampen finanziert. Aber es ist noch nicht zu Ende. Es gibt noch zu viele Familien, die immer noch im Dunkeln sitzen.<\/p>\n<p style=\"text-align: center;\">\u00a0<strong>Lasst uns weiter Licht nach Afrika bringen und damit auch Menschen zum Strahlen<\/strong>.<\/p>\n<p style=\"text-align: center;\">Die Freude der Kenianer ist unglaublich. Beate konnte sich selbst davon \u00fcberzeugen Die gesammelten Erfahrungen best\u00e4rken uns darin, dieses Projekt weiterzuf\u00fchren.<\/p>\n<\/div><\/div><div class=\"w-separator size_small with_line width_default thick_1 style_dotted color_border align_center\"><div class=\"w-separator-h\"><\/div><\/div><div class=\"wpb_text_column\"><div class=\"wpb_wrapper\"><p style=\"text-align: center;\"><strong>NEU: Zum Ende des Jahres 2019\u00a0 konnten nochmal 100 Lampen zus\u00e4tzlich bestellt werden. Nun leuchten sie schon in 400 H\u00fctten. Wir danken ganz herzlich f\u00fcr alle Unterst\u00fctzung.<\/strong><\/p>\n<\/div><\/div><div class=\"wpb_text_column\"><div class=\"wpb_wrapper\"><p style=\"text-align: center;\"><strong>NEU: Zum Ende des Jahres 2020\u00a0 konnten nochmal 100 Lampen zus\u00e4tzlich bestellt werden. Nun leuchten sie schon in 500 H\u00fctten. Wir danken ganz herzlich f\u00fcr alle Unterst\u00fctzung.<\/strong><\/p>\n<\/div><\/div><div class=\"wpb_text_column\"><div class=\"wpb_wrapper\"><p style=\"text-align: center;\"><strong>NEU: Im Oktober 2021 durften wir nochmals 100 Lampen verschenken.<\/strong><strong> Diesmal vor allem in MASAI D\u00f6rfer. Nun leuchten im Lands Inneren komplett 10 D\u00f6rfer mit euren Lampen!!!<\/strong><\/p>\n<\/div><\/div><div class=\"wpb_text_column\"><div class=\"wpb_wrapper\"><p style=\"text-align: center;\"><strong>NEU: Im Januar 2022 wunden wieder mit einer kleinen Reisegruppe Lampen gespendet. Wieder<\/strong><strong> in MASAI D\u00f6rfer. Dein Ihnen ist der Bedarf aus unserer Sicht am gr\u00f6\u00dften.<\/strong><\/p>\n<\/div><\/div><div class=\"wpb_text_column\"><div class=\"wpb_wrapper\"><p style=\"text-align: center;\"><strong>NEU: Im Januar 2023 konnten erneut 100 Solarlampen nach Kenia gespendet werden. Die Freude \u00fcber die Energie und Lichtquelle ist gro\u00df.<\/strong><\/p>\n<\/div><\/div><div class=\"wpb_text_column\"><div class=\"wpb_wrapper\"><p style=\"text-align: center;\"><strong>NEU:2025 Dieses Projekt, ist ein ganz Besonderes. Es funktioniert einfach so gut das wir immer wieder neue Lampen bestellen werden.<\/strong><\/p>\n<\/div><\/div><\/div><\/div><\/div><div class=\"vc_col-sm-2 wpb_column vc_column_container\"><div class=\"vc_column-inner\"><div class=\"wpb_wrapper\"><\/div><\/div><\/div><\/div><\/div><\/section><section class=\"l-section wpb_row height_medium\"><div class=\"l-section-h i-cf\"><div class=\"g-cols vc_row via_flex valign_top type_default stacking_default\"><div class=\"vc_col-sm-12 wpb_column vc_column_container\"><div class=\"vc_column-inner\"><div class=\"wpb_wrapper\"><div class=\"w-image style_shadow-2 align_none\"><div class=\"w-image-h\"><div class=\"w-image-shadow\" style=\"background-image:url(https:\/\/zschorlau.help\/wp-content\/uploads\/2022\/11\/image0-1024x768.jpeg);\"><\/div><img decoding=\"async\" width=\"1024\" height=\"768\" src=\"https:\/\/zschorlau.help\/wp-content\/uploads\/2022\/11\/image0-1024x768.jpeg\" class=\"attachment-large size-large\" alt=\"\" loading=\"lazy\" srcset=\"https:\/\/zschorlau.help\/wp-content\/uploads\/2022\/11\/image0-1024x768.jpeg 1024w, https:\/\/zschorlau.help\/wp-content\/uploads\/2022\/11\/image0-300x225.jpeg 300w, https:\/\/zschorlau.help\/wp-content\/uploads\/2022\/11\/image0-768x576.jpeg 768w, https:\/\/zschorlau.help\/wp-content\/uploads\/2022\/11\/image0.jpeg 1280w\" sizes=\"auto, (max-width: 1024px) 100vw, 1024px\" \/><\/div><\/div><\/div><\/div><\/div><\/div><\/div><\/section><section class=\"l-section wpb_row height_medium\"><div class=\"l-section-h i-cf\"><div class=\"g-cols vc_row via_flex valign_top type_default stacking_default\"><div class=\"vc_col-sm-12 wpb_column vc_column_container\"><div class=\"vc_column-inner\"><div class=\"wpb_wrapper\"><div class=\"w-separator size_medium with_line width_30 thick_1 style_solid color_primary align_center\"><div class=\"w-separator-h\"><\/div><\/div><\/div><\/div><\/div><\/div><\/div><\/section><section class=\"l-section wpb_row height_medium\"><div class=\"l-section-h i-cf\"><div class=\"g-cols vc_row via_flex valign_top type_default stacking_default\"><div class=\"vc_col-sm-4 wpb_column vc_column_container\"><div class=\"vc_column-inner\"><div class=\"wpb_wrapper\"><div class=\"w-btn-wrapper align_center\"><a class=\"w-btn us-btn-style_5\" title=\"Das Schulprojekt\" href=\"https:\/\/zschorlau.help\/index.php\/das-schulprojekt\/\"><span class=\"w-btn-label\">Schulprojekt<\/span><\/a><\/div><\/div><\/div><\/div><div class=\"vc_col-sm-4 wpb_column vc_column_container\"><div class=\"vc_column-inner\"><div class=\"wpb_wrapper\"><div class=\"w-btn-wrapper align_center\"><a class=\"w-btn us-btn-style_5\" title=\"Das Schulprojekt\" href=\"https:\/\/zschorlau.help\/index.php\/die-musikschule\/\"><span class=\"w-btn-label\">Musikschule<\/span><\/a><\/div><\/div><\/div><\/div><div class=\"vc_col-sm-4 wpb_column vc_column_container\"><div class=\"vc_column-inner\"><div class=\"wpb_wrapper\"><div class=\"w-btn-wrapper align_center\"><a class=\"w-btn us-btn-style_5\" title=\"Das Schulprojekt\" href=\"https:\/\/zschorlau.help\/index.php\/der-brunnenbau\/\"><span class=\"w-btn-label\">Brunnen und Garten<\/span><\/a><\/div><\/div><\/div><\/div><\/div><\/div><\/section>\n","protected":false},"excerpt":{"rendered":"Licht\u00a0 in\u00a0 dunkle H\u00fctten Mit diesem Projekt k\u00f6nnen wir mit relativ geringem Aufwand, gr\u00f6\u00dftm\u00f6glichen Nutzen f\u00fcr viele Menschen erreichen. Am Anfang war die \u00dcberlegung, was nachhaltig daf\u00fcr geeignet sein k\u00f6nnte. Was kann gut helfen, die Lebensumst\u00e4nde entscheidend zu verbessern. Schnell kamen wir auf die Idee, dass elektrisches Licht eine riesige Erleichterung f\u00fcr das Leben im...","protected":false},"author":4,"featured_media":0,"parent":31,"menu_order":0,"comment_status":"closed","ping_status":"closed","template":"","meta":{"footnotes":""},"class_list":["post-1198","page","type-page","status-publish","hentry"],"_links":{"self":[{"href":"https:\/\/zschorlau.help\/index.php\/wp-json\/wp\/v2\/pages\/1198","targetHints":{"allow":["GET"]}}],"collection":[{"href":"https:\/\/zschorlau.help\/index.php\/wp-json\/wp\/v2\/pages"}],"about":[{"href":"https:\/\/zschorlau.help\/index.php\/wp-json\/wp\/v2\/types\/page"}],"author":[{"embeddable":true,"href":"https:\/\/zschorlau.help\/index.php\/wp-json\/wp\/v2\/users\/4"}],"replies":[{"embeddable":true,"href":"https:\/\/zschorlau.help\/index.php\/wp-json\/wp\/v2\/comments?post=1198"}],"version-history":[{"count":99,"href":"https:\/\/zschorlau.help\/index.php\/wp-json\/wp\/v2\/pages\/1198\/revisions"}],"predecessor-version":[{"id":2105,"href":"https:\/\/zschorlau.help\/index.php\/wp-json\/wp\/v2\/pages\/1198\/revisions\/2105"}],"up":[{"embeddable":true,"href":"https:\/\/zschorlau.help\/index.php\/wp-json\/wp\/v2\/pages\/31"}],"wp:attachment":[{"href":"https:\/\/zschorlau.help\/index.php\/wp-json\/wp\/v2\/media?parent=1198"}],"curies":[{"name":"wp","href":"https:\/\/api.w.org\/{rel}","templated":true}]}}