{"id":22,"date":"2017-09-13T21:09:42","date_gmt":"2017-09-13T19:09:42","guid":{"rendered":"https:\/\/zschorlau.help\/?page_id=22"},"modified":"2024-12-12T18:49:21","modified_gmt":"2024-12-12T17:49:21","slug":"ueber-uns","status":"publish","type":"page","link":"https:\/\/zschorlau.help\/index.php\/ueber-uns\/","title":{"rendered":"\u00dcber uns"},"content":{"rendered":"<section class=\"l-section wpb_row height_medium\"><div class=\"l-section-h i-cf\"><div class=\"g-cols vc_row via_flex valign_top type_default stacking_default\"><div class=\"vc_col-sm-2 wpb_column vc_column_container\"><div class=\"vc_column-inner\"><div class=\"wpb_wrapper\"><\/div><\/div><\/div><div class=\"vc_col-sm-8 wpb_column vc_column_container\"><div class=\"vc_column-inner\"><div class=\"wpb_wrapper\"><div class=\"wpb_text_column\"><div class=\"wpb_wrapper\"><h3><strong>Hier k\u00f6nnt ihr einen Einblick bekommen, wie unsere\u00a0afrikanische Freundschaft und Unterst\u00fctzung entstanden ist.<\/strong><\/h3>\n<\/div><\/div><div class=\"wpb_text_column\"><div class=\"wpb_wrapper\"><p><span style=\"font-size: 10.0pt; font-family: 'Arial',sans-serif; color: black;\"><br \/>\nBegonnen hat unser Engagement in Kenia im Jahr 2010 mit einem Lastminute Urlaub an der S\u00fcdk\u00fcste von Mombasa. Wir waren zum ersten Mal so richtig in Afrika unterwegs und dieser Urlaub sollte unser Leben grundlegend ver\u00e4ndern.<\/span><\/p>\n<p><span style=\"color: black; font-family: Arial, sans-serif; font-size: 10pt;\">In unserem 5-Sterne Hotel gab es Essen im \u00dcberfluss, bis hin zu einer meterhohen Eispyramide, und das in den Tropen bei 32\u00b0C im Schatten und direkt am Strand vom Indischen Ozean. Auf der anderen Seite haben wir au\u00dferhalb der Hotelanlage eine gro\u00dfe Armut erleben m\u00fcssen, wo Hunger keine Seltenheit ist. <\/span><span style=\"color: black; font-family: Arial, sans-serif; font-size: 10pt;\">Schnell war uns bewusst, dass man den Menschen irgendwie helfen sollte.Trotz der Warnungen unseres Reiseleiters, die Hotelanlage nicht zu verlassen, da es zu gef\u00e4hrlich f\u00fcr die Touristen ist, haben wir die ausgetretenen Touristenpfade verlassen und Kontakt zu den Einheimischen gesucht. Uns war klar, dass man nicht blind vertrauen darf, aber auch ein gewisser Vertrauensvorschuss notwendig ist.<\/span><\/p>\n<p><span style=\"color: black; font-family: Arial, sans-serif; font-size: 10pt;\"> So haben bis heute 3 Personen unser vollstes Vertrauen. F\u00fcr unsere Hilfe vor Ort ist das unverzichtbar und leider in Afrika nicht selbstverst\u00e4ndlich. Gemeinsam sorgen Sie daf\u00fcr, dass die Hilfe auch wirklich zu <\/span><span style=\"font-size: 10pt;\"><strong><span style=\"font-family: Arial, sans-serif; color: #000000;\">100%<\/span><\/strong><\/span><span style=\"color: black; font-family: Arial, sans-serif; font-size: 10pt;\"> vor Ort ankommt. Wir konnten uns in den vergangenen Jahren bei jeder weiteren Reise davon \u00fcberzeugen und wurden in keinster Weise entt\u00e4uscht. Was seitdem in den einzelnen Projekten entstanden ist und was wir noch vorhaben, m\u00f6chte ich noch kurz erl\u00e4utern. <\/span><\/p>\n<\/div><\/div><div class=\"wpb_text_column\"><div class=\"wpb_wrapper\"><p><span style=\"color: black; font-family: Arial, sans-serif; font-size: 10pt;\">Seit dem 03. Oktober 2017 haben wir einen Verein gegr\u00fcndet, um auch den Anforderungen in Deutschland f\u00fcr unsere Keniahilfe gerecht zu werden. Mit zschorlau.help e.V. ist der Vereinsname gleichzeitig Programm. Nat\u00fcrlich sind nicht nur Zschorlauer eingeladen, die Arbeit zu unterst\u00fctzen oder auch Mitglied in unserem Verein zu werden. Jeder ist herzlich eingeladen direkt in Kenia zu helfen.<\/span><\/p>\n<p><span style=\"color: black; font-family: Arial, sans-serif; font-size: 10pt;\">Durch die Unterst\u00fctzung unserer Projekte vor Ort, kann man mit vergleichsweise geringen Mitteln, viel mehr erreichen als hier in Europa. Wir freuen uns, dass wir punktuell und gezielt helfen k\u00f6nnen und damit f\u00fcr einige Menschen in ihrer eigenen Heimat, zu einer sp\u00fcrbaren Verbesserung ihrer Lebenssituation beitragen. Nur gemeinsam k\u00f6nnen wir noch mehr erreichen, wir stehen erst am Anfang.<\/span><\/p>\n<p><span style=\"color: black; font-family: Arial, sans-serif; font-size: 10pt;\"><span style=\"font-size: 10pt;\">Deshalb das afrikanische Sprichwort: One feet can not run! Ein Fu\u00df kann alleine nicht<\/span> <\/span><span style=\"color: black; font-family: Arial, sans-serif; font-size: 10pt;\">rennen!<\/span><\/p>\n<\/div><\/div><\/div><\/div><\/div><div class=\"vc_col-sm-2 wpb_column vc_column_container\"><div class=\"vc_column-inner\"><div class=\"wpb_wrapper\"><div class=\"g-cols wpb_row via_flex valign_top type_default stacking_default\"><div class=\"vc_col-sm-12 wpb_column vc_column_container\"><div class=\"vc_column-inner us_custom_35ae54de\"><div class=\"wpb_wrapper\"><div class=\"w-btn-wrapper align_none\"><a class=\"w-btn us-btn-style_6\" href=\"https:\/\/zschorlau.help\/index.php\/mitgliedschaft\/\"><span class=\"w-btn-label\">Mitgliedschaft<\/span><\/a><\/div><div class=\"w-btn-wrapper align_none\"><a class=\"w-btn us-btn-style_7\" href=\"https:\/\/zschorlau.help\/index.php\/spende\/\"><span class=\"w-btn-label\">Spende<\/span><\/a><\/div><div class=\"w-btn-wrapper align_none\"><a class=\"w-btn us-btn-style_6\" href=\"https:\/\/zschorlau.help\/index.php\/projekte\/\"><span class=\"w-btn-label\">Projekte<\/span><\/a><\/div><\/div><\/div><\/div><\/div><\/div><\/div><\/div><\/div><\/div><\/section><section class=\"l-section wpb_row height_medium\"><div class=\"l-section-h i-cf\"><div class=\"g-cols vc_row via_flex valign_top type_default stacking_default\"><div class=\"vc_col-sm-2 wpb_column vc_column_container\"><div class=\"vc_column-inner\"><div class=\"wpb_wrapper\"><\/div><\/div><\/div><div class=\"vc_col-sm-8 wpb_column vc_column_container\"><div class=\"vc_column-inner\"><div class=\"wpb_wrapper\"><div class=\"w-image align_none\"><div class=\"w-image-h\"><img decoding=\"async\" width=\"1024\" height=\"576\" src=\"https:\/\/zschorlau.help\/wp-content\/uploads\/2024\/12\/Vereinsbild-2.jpg\" class=\"attachment-large size-large\" alt=\"\" loading=\"lazy\" srcset=\"https:\/\/zschorlau.help\/wp-content\/uploads\/2024\/12\/Vereinsbild-2.jpg 1024w, https:\/\/zschorlau.help\/wp-content\/uploads\/2024\/12\/Vereinsbild-2-300x169.jpg 300w, https:\/\/zschorlau.help\/wp-content\/uploads\/2024\/12\/Vereinsbild-2-768x432.jpg 768w\" sizes=\"auto, (max-width: 1024px) 100vw, 1024px\" \/><\/div><\/div><\/div><\/div><\/div><div class=\"vc_col-sm-2 wpb_column vc_column_container\"><div class=\"vc_column-inner\"><div class=\"wpb_wrapper\"><\/div><\/div><\/div><\/div><\/div><\/section>\n","protected":false},"excerpt":{"rendered":"Hier k\u00f6nnt ihr einen Einblick bekommen, wie unsere\u00a0afrikanische Freundschaft und Unterst\u00fctzung entstanden ist. Begonnen hat unser Engagement in Kenia im Jahr 2010 mit einem Lastminute Urlaub an der S\u00fcdk\u00fcste von Mombasa. Wir waren zum ersten Mal so richtig in Afrika unterwegs und dieser Urlaub sollte unser Leben grundlegend ver\u00e4ndern. In unserem 5-Sterne Hotel gab es...","protected":false},"author":4,"featured_media":0,"parent":0,"menu_order":0,"comment_status":"closed","ping_status":"closed","template":"","meta":{"footnotes":""},"class_list":["post-22","page","type-page","status-publish","hentry"],"_links":{"self":[{"href":"https:\/\/zschorlau.help\/index.php\/wp-json\/wp\/v2\/pages\/22","targetHints":{"allow":["GET"]}}],"collection":[{"href":"https:\/\/zschorlau.help\/index.php\/wp-json\/wp\/v2\/pages"}],"about":[{"href":"https:\/\/zschorlau.help\/index.php\/wp-json\/wp\/v2\/types\/page"}],"author":[{"embeddable":true,"href":"https:\/\/zschorlau.help\/index.php\/wp-json\/wp\/v2\/users\/4"}],"replies":[{"embeddable":true,"href":"https:\/\/zschorlau.help\/index.php\/wp-json\/wp\/v2\/comments?post=22"}],"version-history":[{"count":51,"href":"https:\/\/zschorlau.help\/index.php\/wp-json\/wp\/v2\/pages\/22\/revisions"}],"predecessor-version":[{"id":1906,"href":"https:\/\/zschorlau.help\/index.php\/wp-json\/wp\/v2\/pages\/22\/revisions\/1906"}],"wp:attachment":[{"href":"https:\/\/zschorlau.help\/index.php\/wp-json\/wp\/v2\/media?parent=22"}],"curies":[{"name":"wp","href":"https:\/\/api.w.org\/{rel}","templated":true}]}}