{"id":24,"date":"2017-09-13T21:10:59","date_gmt":"2017-09-13T19:10:59","guid":{"rendered":"https:\/\/zschorlau.help\/?page_id=24"},"modified":"2020-04-13T17:10:42","modified_gmt":"2020-04-13T15:10:42","slug":"waisenhaus-ucunda","status":"publish","type":"page","link":"https:\/\/zschorlau.help\/index.php\/waisenhaus-ucunda\/","title":{"rendered":"Waisenhaus Ukunda"},"content":{"rendered":"<section class=\"l-section wpb_row height_large width_full with_img parallax_ver\"><div class=\"l-section-img\" role=\"img\" aria-label=\"Bild\" data-img-width=\"1728\" data-img-height=\"1152\" style=\"background-image: url(https:\/\/zschorlau.help\/wp-content\/uploads\/2017\/09\/IMG_8757.jpg);\"><\/div><div class=\"l-section-overlay\" style=\"background:rgba(0,0,0,0.42)\"><\/div><div class=\"l-section-h i-cf\"><div class=\"g-cols vc_row via_flex valign_top type_default stacking_default\"><div class=\"vc_col-sm-12 wpb_column vc_column_container\"><div class=\"vc_column-inner\"><div class=\"wpb_wrapper\"><div class=\"wpb_text_column\"><div class=\"wpb_wrapper\"><h2 style=\"text-align: center;\"><span style=\"color: #ffffff;\">Waisenkinder<\/span><\/h2>\n<\/div><\/div><\/div><\/div><\/div><\/div><\/div><\/section><section class=\"l-section wpb_row height_medium\"><div class=\"l-section-h i-cf\"><div class=\"g-cols vc_row via_flex valign_top type_default stacking_default\"><div class=\"vc_col-sm-6 wpb_column vc_column_container\"><div class=\"vc_column-inner\"><div class=\"wpb_wrapper\"><div class=\"w-image align_center\"><a ref=\"magnificPopup\" href=\"https:\/\/zschorlau.help\/wp-content\/uploads\/2017\/09\/IMG_8757.jpg\" aria-label=\"IMG_8757\" class=\"w-image-h\"><img decoding=\"async\" width=\"350\" height=\"350\" src=\"https:\/\/zschorlau.help\/wp-content\/uploads\/2017\/09\/IMG_8757-350x350.jpg\" class=\"attachment-us_350_350_crop size-us_350_350_crop\" alt=\"\" loading=\"lazy\" srcset=\"https:\/\/zschorlau.help\/wp-content\/uploads\/2017\/09\/IMG_8757-350x350.jpg 350w, https:\/\/zschorlau.help\/wp-content\/uploads\/2017\/09\/IMG_8757-150x150.jpg 150w, https:\/\/zschorlau.help\/wp-content\/uploads\/2017\/09\/IMG_8757-600x600.jpg 600w\" sizes=\"auto, (max-width: 350px) 100vw, 350px\" \/><\/a><\/div><div class=\"w-separator size_small\"><\/div><div class=\"w-slider style_none fit_scaledown nav_thumbs count_9\" style=\"--thumbs-width:4rem;--thumbs-gap:4px;\"><div class=\"w-slider-h\" aria-hidden=\"true\"><div class=\"royalSlider\"><div class=\"rsContent\"><a class=\"rsImg\" data-rsw=\"2048\" data-rsh=\"1367\" href=\"https:\/\/zschorlau.help\/wp-content\/uploads\/2017\/09\/DSC_1429.jpg\"><span data-alt=\"\"><\/span><\/a><img loading=\"lazy\" decoding=\"async\" width=\"150\" height=\"150\" src=\"https:\/\/zschorlau.help\/wp-content\/uploads\/2017\/09\/DSC_1429-150x150.jpg\" class=\"rsTmb\" alt=\"\" srcset=\"https:\/\/zschorlau.help\/wp-content\/uploads\/2017\/09\/DSC_1429-150x150.jpg 150w, https:\/\/zschorlau.help\/wp-content\/uploads\/2017\/09\/DSC_1429-600x600.jpg 600w, https:\/\/zschorlau.help\/wp-content\/uploads\/2017\/09\/DSC_1429-350x350.jpg 350w\" sizes=\"auto, (max-width: 150px) 100vw, 150px\" \/><\/div><div class=\"rsContent\"><a class=\"rsImg\" data-rsw=\"1696\" data-rsh=\"2544\" href=\"https:\/\/zschorlau.help\/wp-content\/uploads\/2017\/09\/IMG_8687.jpg\"><span data-alt=\"\"><\/span><\/a><img loading=\"lazy\" decoding=\"async\" width=\"150\" height=\"150\" src=\"https:\/\/zschorlau.help\/wp-content\/uploads\/2017\/09\/IMG_8687-150x150.jpg\" class=\"rsTmb\" alt=\"\" srcset=\"https:\/\/zschorlau.help\/wp-content\/uploads\/2017\/09\/IMG_8687-150x150.jpg 150w, https:\/\/zschorlau.help\/wp-content\/uploads\/2017\/09\/IMG_8687-600x600.jpg 600w, https:\/\/zschorlau.help\/wp-content\/uploads\/2017\/09\/IMG_8687-350x350.jpg 350w\" sizes=\"auto, (max-width: 150px) 100vw, 150px\" \/><\/div><div class=\"rsContent\"><a class=\"rsImg\" data-rsw=\"2336\" data-rsh=\"3504\" href=\"https:\/\/zschorlau.help\/wp-content\/uploads\/2017\/09\/IMG_8552-2.jpg\"><span data-alt=\"\"><\/span><\/a><img loading=\"lazy\" decoding=\"async\" width=\"150\" height=\"150\" src=\"https:\/\/zschorlau.help\/wp-content\/uploads\/2017\/09\/IMG_8552-2-150x150.jpg\" class=\"rsTmb\" alt=\"\" srcset=\"https:\/\/zschorlau.help\/wp-content\/uploads\/2017\/09\/IMG_8552-2-150x150.jpg 150w, https:\/\/zschorlau.help\/wp-content\/uploads\/2017\/09\/IMG_8552-2-600x600.jpg 600w, https:\/\/zschorlau.help\/wp-content\/uploads\/2017\/09\/IMG_8552-2-350x350.jpg 350w\" sizes=\"auto, (max-width: 150px) 100vw, 150px\" \/><\/div><div class=\"rsContent\"><a class=\"rsImg\" data-rsw=\"1745\" data-rsh=\"1116\" href=\"https:\/\/zschorlau.help\/wp-content\/uploads\/2017\/09\/DSC_1423-e1519668906745.jpg\"><span data-alt=\"\"><\/span><\/a><img loading=\"lazy\" decoding=\"async\" width=\"150\" height=\"96\" src=\"https:\/\/zschorlau.help\/wp-content\/uploads\/2017\/09\/DSC_1423-e1519668906745.jpg\" class=\"rsTmb\" alt=\"\" \/><\/div><div class=\"rsContent\"><a class=\"rsImg\" data-rsw=\"2048\" data-rsh=\"1367\" href=\"https:\/\/zschorlau.help\/wp-content\/uploads\/2017\/09\/DSC_2928.jpg\"><span data-alt=\"\"><\/span><\/a><img loading=\"lazy\" decoding=\"async\" width=\"150\" height=\"150\" src=\"https:\/\/zschorlau.help\/wp-content\/uploads\/2017\/09\/DSC_2928-150x150.jpg\" class=\"rsTmb\" alt=\"\" srcset=\"https:\/\/zschorlau.help\/wp-content\/uploads\/2017\/09\/DSC_2928-150x150.jpg 150w, https:\/\/zschorlau.help\/wp-content\/uploads\/2017\/09\/DSC_2928-600x600.jpg 600w, https:\/\/zschorlau.help\/wp-content\/uploads\/2017\/09\/DSC_2928-350x350.jpg 350w\" sizes=\"auto, (max-width: 150px) 100vw, 150px\" \/><\/div><div class=\"rsContent\"><a class=\"rsImg\" data-rsw=\"1152\" data-rsh=\"1728\" href=\"https:\/\/zschorlau.help\/wp-content\/uploads\/2017\/09\/IMG_8747.jpg\"><span data-alt=\"\"><\/span><\/a><img loading=\"lazy\" decoding=\"async\" width=\"150\" height=\"150\" src=\"https:\/\/zschorlau.help\/wp-content\/uploads\/2017\/09\/IMG_8747-150x150.jpg\" class=\"rsTmb\" alt=\"\" srcset=\"https:\/\/zschorlau.help\/wp-content\/uploads\/2017\/09\/IMG_8747-150x150.jpg 150w, https:\/\/zschorlau.help\/wp-content\/uploads\/2017\/09\/IMG_8747-600x600.jpg 600w, https:\/\/zschorlau.help\/wp-content\/uploads\/2017\/09\/IMG_8747-350x350.jpg 350w\" sizes=\"auto, (max-width: 150px) 100vw, 150px\" \/><\/div><div class=\"rsContent\"><a class=\"rsImg\" data-rsw=\"1280\" data-rsh=\"960\" href=\"https:\/\/zschorlau.help\/wp-content\/uploads\/2018\/03\/IMG-20150419-WA0004-Kopie.jpg\"><span data-alt=\"\"><\/span><\/a><img loading=\"lazy\" decoding=\"async\" width=\"150\" height=\"150\" src=\"https:\/\/zschorlau.help\/wp-content\/uploads\/2018\/03\/IMG-20150419-WA0004-Kopie-150x150.jpg\" class=\"rsTmb\" alt=\"\" srcset=\"https:\/\/zschorlau.help\/wp-content\/uploads\/2018\/03\/IMG-20150419-WA0004-Kopie-150x150.jpg 150w, https:\/\/zschorlau.help\/wp-content\/uploads\/2018\/03\/IMG-20150419-WA0004-Kopie-350x350.jpg 350w, https:\/\/zschorlau.help\/wp-content\/uploads\/2018\/03\/IMG-20150419-WA0004-Kopie-600x600.jpg 600w\" sizes=\"auto, (max-width: 150px) 100vw, 150px\" \/><\/div><div class=\"rsContent\"><a class=\"rsImg\" data-rsw=\"960\" data-rsh=\"1280\" href=\"https:\/\/zschorlau.help\/wp-content\/uploads\/2018\/03\/IMG_2604.jpg\"><span data-alt=\"\"><\/span><\/a><img loading=\"lazy\" decoding=\"async\" width=\"150\" height=\"150\" src=\"https:\/\/zschorlau.help\/wp-content\/uploads\/2018\/03\/IMG_2604-150x150.jpg\" class=\"rsTmb\" alt=\"\" srcset=\"https:\/\/zschorlau.help\/wp-content\/uploads\/2018\/03\/IMG_2604-150x150.jpg 150w, https:\/\/zschorlau.help\/wp-content\/uploads\/2018\/03\/IMG_2604-350x350.jpg 350w, https:\/\/zschorlau.help\/wp-content\/uploads\/2018\/03\/IMG_2604-600x600.jpg 600w\" sizes=\"auto, (max-width: 150px) 100vw, 150px\" \/><\/div><div class=\"rsContent\"><a class=\"rsImg\" data-rsw=\"3648\" data-rsh=\"2736\" href=\"https:\/\/zschorlau.help\/wp-content\/uploads\/2017\/09\/CIMG4181.jpg\"><span data-alt=\"\"><\/span><\/a><img loading=\"lazy\" decoding=\"async\" width=\"150\" height=\"150\" src=\"https:\/\/zschorlau.help\/wp-content\/uploads\/2017\/09\/CIMG4181-150x150.jpg\" class=\"rsTmb\" alt=\"\" srcset=\"https:\/\/zschorlau.help\/wp-content\/uploads\/2017\/09\/CIMG4181-150x150.jpg 150w, https:\/\/zschorlau.help\/wp-content\/uploads\/2017\/09\/CIMG4181-600x600.jpg 600w, https:\/\/zschorlau.help\/wp-content\/uploads\/2017\/09\/CIMG4181-350x350.jpg 350w\" sizes=\"auto, (max-width: 150px) 100vw, 150px\" \/><\/div><\/div><img decoding=\"async\" src=\"https:\/\/zschorlau.help\/wp-content\/uploads\/2017\/09\/DSC_1429.jpg\" width=\"2048\" height=\"1367\" alt loading=\"lazy\"><\/div><div class=\"w-slider-json\" onclick='return {&quot;autoScaleSlider&quot;:true,&quot;addActiveClass&quot;:true,&quot;loop&quot;:true,&quot;fadeInLoadedSlide&quot;:false,&quot;slidesSpacing&quot;:0,&quot;imageScalePadding&quot;:0,&quot;numImagesToPreload&quot;:2,&quot;arrowsNav&quot;:true,&quot;arrowsNavAutoHide&quot;:true,&quot;transitionType&quot;:&quot;move&quot;,&quot;transitionSpeed&quot;:250,&quot;block&quot;:{&quot;moveEffect&quot;:&quot;none&quot;,&quot;speed&quot;:300},&quot;thumbs&quot;:{&quot;fitInViewport&quot;:false,&quot;firstMargin&quot;:false,&quot;spacing&quot;:4},&quot;controlNavigation&quot;:&quot;thumbnails&quot;,&quot;autoplay&quot;:{&quot;enabled&quot;:true,&quot;pauseOnHover&quot;:true,&quot;delay&quot;:3000},&quot;autoScaleSliderWidth&quot;:2048,&quot;autoScaleSliderHeight&quot;:1367}'><\/div><\/div><\/div><\/div><\/div><div class=\"vc_col-sm-6 wpb_column vc_column_container\"><div class=\"vc_column-inner\"><div class=\"wpb_wrapper\"><div class=\"wpb_text_column\"><div class=\"wpb_wrapper\"><h6>Das Waisenhaus in Kompani (zwischen Ukunda und Mombasa) gibt derzeit 18 Kindern ein zu Hause.<\/h6>\n<ul>\n<li>3 Mahlzeiten<\/li>\n<li>Schulbildung in der angebundenen Schule<\/li>\n<li>medizinische Betreuung<\/li>\n<li>liebevolle Unterst\u00fctzung im Alltag<\/li>\n<\/ul>\n<p>\u00dcber eine deutschen Agentur ist es m\u00f6glich dort als Volont\u00e4r zu arbeiten. 2013 durfte ich (Beate F\u00f6rster) dort als Volont\u00e4r arbeiten.<\/p>\n<h6>Durch Spenden vor Ort, konnte schon etwas geholfen werden.<\/h6>\n<ul>\n<li>Finanzierung von malerischer Raumgestaltung<\/li>\n<li>neue Tische,\u00a0 St\u00fchle und Regale<\/li>\n<li>f\u00fcr eine gesunde ausgewogene Ern\u00e4hrung sorgen wir durch Geldspenden vor Ort<\/li>\n<li>Ausfl\u00fcge zum Strand<\/li>\n<\/ul>\n<\/div><\/div><\/div><\/div><\/div><\/div><\/div><\/section><section class=\"l-section wpb_row height_medium\"><div class=\"l-section-h i-cf\"><div class=\"g-cols vc_row via_flex valign_top type_default stacking_default\"><div class=\"vc_col-sm-12 wpb_column vc_column_container\"><div class=\"vc_column-inner\"><div class=\"wpb_wrapper\"><div class=\"w-separator size_medium with_line width_default thick_1 style_solid color_border align_center\"><div class=\"w-separator-h\"><\/div><\/div><div class=\"g-cols wpb_row via_flex valign_top type_default stacking_default\"><div class=\"vc_col-sm-3 wpb_column vc_column_container\"><div class=\"vc_column-inner\"><div class=\"wpb_wrapper\"><div class=\"w-btn-wrapper align_center\"><a class=\"w-btn us-btn-style_6\" href=\"https:\/\/zschorlau.help\/index.php\/die-schulpatenschaften\/\"><span class=\"w-btn-label\">Schulpatenschaft<\/span><\/a><\/div><\/div><\/div><\/div><div class=\"vc_col-sm-3 wpb_column vc_column_container\"><div class=\"vc_column-inner\"><div class=\"wpb_wrapper\"><div class=\"w-btn-wrapper align_center\"><a class=\"w-btn us-btn-style_6\" href=\"https:\/\/zschorlau.help\/index.php\/mitgliedschaft\/\"><span class=\"w-btn-label\">Mitgliedschaft<\/span><\/a><\/div><\/div><\/div><\/div><div class=\"vc_col-sm-3 wpb_column vc_column_container\"><div class=\"vc_column-inner\"><div class=\"wpb_wrapper\"><div class=\"w-btn-wrapper align_center\"><a class=\"w-btn us-btn-style_6\" href=\"https:\/\/zschorlau.help\/index.php\/die-musikschule\/\"><span class=\"w-btn-label\">Musikschule<\/span><\/a><\/div><\/div><\/div><\/div><div class=\"vc_col-sm-3 wpb_column vc_column_container\"><div class=\"vc_column-inner\"><div class=\"wpb_wrapper\"><div class=\"w-btn-wrapper align_center\"><a class=\"w-btn us-btn-style_7\" href=\"https:\/\/zschorlau.help\/index.php\/spende\/\"><span class=\"w-btn-label\">Spende<\/span><\/a><\/div><\/div><\/div><\/div><\/div><\/div><\/div><\/div><\/div><\/div><\/section>\n","protected":false},"excerpt":{"rendered":"Waisenkinder Das Waisenhaus in Kompani (zwischen Ukunda und Mombasa) gibt derzeit 18 Kindern ein zu Hause. 3 Mahlzeiten Schulbildung in der angebundenen Schule medizinische Betreuung liebevolle Unterst\u00fctzung im Alltag \u00dcber eine deutschen Agentur ist es m\u00f6glich dort als Volont\u00e4r zu arbeiten. 2013 durfte ich (Beate F\u00f6rster) dort als Volont\u00e4r arbeiten. Durch Spenden vor Ort, konnte...","protected":false},"author":4,"featured_media":0,"parent":0,"menu_order":0,"comment_status":"closed","ping_status":"closed","template":"","meta":{"footnotes":""},"class_list":["post-24","page","type-page","status-publish","hentry"],"_links":{"self":[{"href":"https:\/\/zschorlau.help\/index.php\/wp-json\/wp\/v2\/pages\/24","targetHints":{"allow":["GET"]}}],"collection":[{"href":"https:\/\/zschorlau.help\/index.php\/wp-json\/wp\/v2\/pages"}],"about":[{"href":"https:\/\/zschorlau.help\/index.php\/wp-json\/wp\/v2\/types\/page"}],"author":[{"embeddable":true,"href":"https:\/\/zschorlau.help\/index.php\/wp-json\/wp\/v2\/users\/4"}],"replies":[{"embeddable":true,"href":"https:\/\/zschorlau.help\/index.php\/wp-json\/wp\/v2\/comments?post=24"}],"version-history":[{"count":33,"href":"https:\/\/zschorlau.help\/index.php\/wp-json\/wp\/v2\/pages\/24\/revisions"}],"predecessor-version":[{"id":1668,"href":"https:\/\/zschorlau.help\/index.php\/wp-json\/wp\/v2\/pages\/24\/revisions\/1668"}],"wp:attachment":[{"href":"https:\/\/zschorlau.help\/index.php\/wp-json\/wp\/v2\/media?parent=24"}],"curies":[{"name":"wp","href":"https:\/\/api.w.org\/{rel}","templated":true}]}}