{"id":31,"date":"2017-09-13T21:13:43","date_gmt":"2017-09-13T19:13:43","guid":{"rendered":"https:\/\/zschorlau.help\/?page_id=31"},"modified":"2026-04-17T11:09:31","modified_gmt":"2026-04-17T09:09:31","slug":"projekte","status":"publish","type":"page","link":"https:\/\/zschorlau.help\/index.php\/projekte\/","title":{"rendered":"Projekte"},"content":{"rendered":"<section class=\"l-section wpb_row height_huge with_img parallax_ver\"><div class=\"l-section-img\" role=\"img\" aria-label=\"Bild\" data-img-width=\"5152\" data-img-height=\"3864\" style=\"background-image: url(https:\/\/zschorlau.help\/wp-content\/uploads\/2018\/02\/DSCN0591.jpg);background-repeat: no-repeat;\"><\/div><div class=\"l-section-overlay\" style=\"background:rgba(0,0,0,0.4)\"><\/div><div class=\"l-section-h i-cf\"><div class=\"g-cols vc_row via_flex valign_top type_default stacking_default\"><div class=\"vc_col-sm-12 wpb_column vc_column_container\"><div class=\"vc_column-inner\"><div class=\"wpb_wrapper\"><div class=\"wpb_text_column\"><div class=\"wpb_wrapper\"><h1 style=\"text-align: center;\"><span style=\"color: #ffffff;\">Hilfe zur Selbsthilfe<\/span><\/h1>\n<\/div><\/div><\/div><\/div><\/div><\/div><\/div><\/section><section class=\"l-section wpb_row height_medium\"><div class=\"l-section-h i-cf\"><div class=\"g-cols vc_row via_flex valign_top type_default stacking_default\"><div class=\"vc_col-sm-8 wpb_column vc_column_container\"><div class=\"vc_column-inner\"><div class=\"wpb_wrapper\"><div class=\"wpb_text_column\"><div class=\"wpb_wrapper\"><h3>Nicht nur ein Tropfen auf dem hei\u00dfen Stein<\/h3>\n<p>Wir betreuen in Ukunda und Umgebung einige Projekte. Manche sind schon abgeschlossen und andere werden <strong>neu entwickelt.<\/strong> Wir haben uns immer genau \u00fcberlegt, <strong>wem<\/strong> und<strong> wie<\/strong> wir am<strong> besten helfen<\/strong> k\u00f6nnten. Unser <strong>Glaube <\/strong>und unser<strong> Verstand<\/strong> haben uns dabei gelenkt. Alle Projekte sind und waren ein <strong>Herzensanliegen<\/strong> und nur durch Unterst\u00fctzung in Form von Sach- und Geldspenden m\u00f6glich. Wir sind immer wieder freudig erstaunt \u00fcber das<strong> Interesse<\/strong> und \u00fcber die <strong>Gro\u00dfz\u00fcgigkeit unserer Mitmenschen<\/strong>. Dies best\u00e4rkt und motiviert uns auch immer wieder<strong> das wir das Richtige tun.<\/strong><\/p>\n<\/div><\/div><\/div><\/div><\/div><div class=\"vc_col-sm-4 wpb_column vc_column_container\"><div class=\"vc_column-inner\"><div class=\"wpb_wrapper\"><div class=\"w-image align_none\"><div class=\"w-image-h\"><img decoding=\"async\" width=\"1024\" height=\"768\" src=\"https:\/\/zschorlau.help\/wp-content\/uploads\/2018\/02\/DSCN0591-1024x768.jpg\" class=\"attachment-large size-large\" alt=\"\" loading=\"lazy\" srcset=\"https:\/\/zschorlau.help\/wp-content\/uploads\/2018\/02\/DSCN0591-1024x768.jpg 1024w, https:\/\/zschorlau.help\/wp-content\/uploads\/2018\/02\/DSCN0591-300x225.jpg 300w, https:\/\/zschorlau.help\/wp-content\/uploads\/2018\/02\/DSCN0591-768x576.jpg 768w\" sizes=\"auto, (max-width: 1024px) 100vw, 1024px\" \/><\/div><\/div><\/div><\/div><\/div><\/div><\/div><\/section><section class=\"l-section wpb_row height_medium\"><div class=\"l-section-h i-cf\"><div class=\"g-cols vc_row via_flex valign_top type_default stacking_default\"><div class=\"vc_col-sm-4 wpb_column vc_column_container\"><div class=\"vc_column-inner\"><div class=\"wpb_wrapper\"><div class=\"w-image align_none\"><a ref=\"magnificPopup\" href=\"https:\/\/zschorlau.help\/wp-content\/uploads\/2018\/03\/IMG_0154.jpg\" aria-label=\"IMG_0154\" class=\"w-image-h\"><img decoding=\"async\" width=\"1024\" height=\"683\" src=\"https:\/\/zschorlau.help\/wp-content\/uploads\/2018\/03\/IMG_0154-1024x683.jpg\" class=\"attachment-large size-large\" alt=\"\" loading=\"lazy\" srcset=\"https:\/\/zschorlau.help\/wp-content\/uploads\/2018\/03\/IMG_0154-1024x683.jpg 1024w, https:\/\/zschorlau.help\/wp-content\/uploads\/2018\/03\/IMG_0154-300x200.jpg 300w, https:\/\/zschorlau.help\/wp-content\/uploads\/2018\/03\/IMG_0154-768x512.jpg 768w\" sizes=\"auto, (max-width: 1024px) 100vw, 1024px\" \/><\/a><\/div><div class=\"wpb_text_column\"><div class=\"wpb_wrapper\"><h4>Brunnenbau\/ Gem\u00fcsegarten<\/h4>\n<p>Kim organisiert t\u00e4glich die Wasserausgabe. Schon ab 6 Uhr\u00a0klopfen die Nachbarn und Dorfbewohner am Gartentor und freuen sich auf das frische Wasser aus dem Brunnen&#8230;.<\/p>\n<\/div><\/div><div class=\"w-btn-wrapper align_none\"><a class=\"w-btn us-btn-style_6 icon_atright\" href=\"https:\/\/zschorlau.help\/index.php\/der-brunnenbau\/\"><span class=\"w-btn-label\">Mehr<\/span><i class=\"fas fa-angle-right\"><\/i><\/a><\/div><\/div><\/div><\/div><div class=\"vc_col-sm-4 wpb_column vc_column_container\"><div class=\"vc_column-inner\"><div class=\"wpb_wrapper\"><div class=\"w-image align_none\"><a ref=\"magnificPopup\" href=\"https:\/\/zschorlau.help\/wp-content\/uploads\/2018\/03\/IMG_1787.jpg\" aria-label=\"IMG_1787\" class=\"w-image-h\"><img decoding=\"async\" width=\"1024\" height=\"577\" src=\"https:\/\/zschorlau.help\/wp-content\/uploads\/2018\/03\/IMG_1787-1024x577.jpg\" class=\"attachment-large size-large\" alt=\"\" loading=\"lazy\" srcset=\"https:\/\/zschorlau.help\/wp-content\/uploads\/2018\/03\/IMG_1787-1024x577.jpg 1024w, https:\/\/zschorlau.help\/wp-content\/uploads\/2018\/03\/IMG_1787-300x169.jpg 300w, https:\/\/zschorlau.help\/wp-content\/uploads\/2018\/03\/IMG_1787-768x433.jpg 768w, https:\/\/zschorlau.help\/wp-content\/uploads\/2018\/03\/IMG_1787.jpg 1280w\" sizes=\"auto, (max-width: 1024px) 100vw, 1024px\" \/><\/a><\/div><div class=\"wpb_text_column\"><div class=\"wpb_wrapper\"><h4>Schulprojekt<\/h4>\n<p>Der erste Besuch der Schule war 2010 eher zuf\u00e4llig. Die Schule war damals eine Lehmh\u00fctte.<\/p>\n<p>Doch was daraus entstanden ist wirkt auf uns wie ein Wunder.<\/p>\n<\/div><\/div><div class=\"w-btn-wrapper align_none\"><a class=\"w-btn us-btn-style_6 icon_atright\" href=\"https:\/\/zschorlau.help\/index.php\/das-schulprojekt\/\"><span class=\"w-btn-label\">Mehr<\/span><i class=\"fas fa-angle-right\"><\/i><\/a><\/div><\/div><\/div><\/div><div class=\"vc_col-sm-4 wpb_column vc_column_container\"><div class=\"vc_column-inner\"><div class=\"wpb_wrapper\"><\/div><\/div><\/div><\/div><\/div><\/section><section class=\"l-section wpb_row height_medium\"><div class=\"l-section-h i-cf\"><div class=\"g-cols vc_row via_flex valign_top type_default stacking_default\"><div class=\"vc_col-sm-4 wpb_column vc_column_container has-link\"><div class=\"vc_column-inner\"><div class=\"wpb_wrapper\"><div class=\"w-image align_none\"><a ref=\"magnificPopup\" href=\"https:\/\/zschorlau.help\/wp-content\/uploads\/2018\/03\/IMG_2604.jpg\" aria-label=\"IMG_2604\" class=\"w-image-h\"><img decoding=\"async\" width=\"350\" height=\"350\" src=\"https:\/\/zschorlau.help\/wp-content\/uploads\/2018\/03\/IMG_2604-350x350.jpg\" class=\"attachment-us_350_350_crop size-us_350_350_crop\" alt=\"\" loading=\"lazy\" srcset=\"https:\/\/zschorlau.help\/wp-content\/uploads\/2018\/03\/IMG_2604-350x350.jpg 350w, https:\/\/zschorlau.help\/wp-content\/uploads\/2018\/03\/IMG_2604-150x150.jpg 150w, https:\/\/zschorlau.help\/wp-content\/uploads\/2018\/03\/IMG_2604-600x600.jpg 600w\" sizes=\"auto, (max-width: 350px) 100vw, 350px\" \/><\/a><\/div><div class=\"wpb_text_column\"><div class=\"wpb_wrapper\"><h4>Waisenhaus<\/h4>\n<p>Das Waisenhaus in Kompani (zwischen Ukunda und Mombasa) gibt derzeit 18 Kindern ein zu Hause&#8230;<\/p>\n<p>2016 durfte ich (Beate F\u00f6rster) 2 Monate bei ihnen verbringen&#8230;<\/p>\n<\/div><\/div><div class=\"w-btn-wrapper align_none\"><a class=\"w-btn us-btn-style_6 icon_atright\" href=\"https:\/\/zschorlau.help\/index.php\/waisenhaus-ucunda\/\"><span class=\"w-btn-label\">Mehr<\/span><i class=\"fas fa-angle-right\"><\/i><\/a><\/div><\/div><\/div><a target=\"_blank\" rel=\"nofollow\" href=\"https:\/\/zschorlau.help\/index.php\/projekte\/100-lampen-in-dunkle-huetten\/\" class=\"vc_column-link smooth-scroll\" aria-label=\"Link\"><\/a><\/div><div class=\"vc_col-sm-4 wpb_column vc_column_container\"><div class=\"vc_column-inner\"><div class=\"wpb_wrapper\"><div class=\"w-image align_none\"><a ref=\"magnificPopup\" href=\"https:\/\/zschorlau.help\/wp-content\/uploads\/2018\/03\/P1110736-e1519899638872.jpg\" aria-label=\"P1110736\" class=\"w-image-h\"><img decoding=\"async\" width=\"350\" height=\"350\" src=\"https:\/\/zschorlau.help\/wp-content\/uploads\/2018\/03\/P1110736-e1519899638872-350x350.jpg\" class=\"attachment-us_350_350_crop size-us_350_350_crop\" alt=\"\" loading=\"lazy\" srcset=\"https:\/\/zschorlau.help\/wp-content\/uploads\/2018\/03\/P1110736-e1519899638872-350x350.jpg 350w, https:\/\/zschorlau.help\/wp-content\/uploads\/2018\/03\/P1110736-e1519899638872-150x150.jpg 150w, https:\/\/zschorlau.help\/wp-content\/uploads\/2018\/03\/P1110736-e1519899638872-600x600.jpg 600w\" sizes=\"auto, (max-width: 350px) 100vw, 350px\" \/><\/a><\/div><div class=\"wpb_text_column\"><div class=\"wpb_wrapper\"><h4>Schulpatenschaften\/ Berufsbildung<\/h4>\n<p>Er hat 5 Geschwister und schon einige Neffen und Nichten. Leider k\u00f6nnen sie sich die Schulkleidung und Geb\u00fchren nicht leisten&#8230;<\/p>\n<\/div><\/div><div class=\"w-btn-wrapper align_none\"><a class=\"w-btn us-btn-style_6 icon_atright\" href=\"https:\/\/zschorlau.help\/index.php\/die-schulpatenschaften\/\"><span class=\"w-btn-label\">Mehr<\/span><i class=\"fas fa-angle-right\"><\/i><\/a><\/div><\/div><\/div><\/div><div class=\"vc_col-sm-4 wpb_column vc_column_container\"><div class=\"vc_column-inner\"><div class=\"wpb_wrapper\"><div class=\"wpb_text_column\"><div class=\"wpb_wrapper\"><p><img loading=\"lazy\" decoding=\"async\" class=\"aligncenter wp-image-1826 size-us_350_350_crop\" src=\"https:\/\/zschorlau.help\/wp-content\/uploads\/2022\/11\/image0-350x350.jpeg\" alt=\"\" width=\"350\" height=\"350\" srcset=\"https:\/\/zschorlau.help\/wp-content\/uploads\/2022\/11\/image0-350x350.jpeg 350w, https:\/\/zschorlau.help\/wp-content\/uploads\/2022\/11\/image0-150x150.jpeg 150w, https:\/\/zschorlau.help\/wp-content\/uploads\/2022\/11\/image0-600x600.jpeg 600w\" sizes=\"auto, (max-width: 350px) 100vw, 350px\" \/><\/p>\n<h4>Licht in dunklen H\u00fctten<\/h4>\n<p>Was kann gut helfen, die Lebensumst\u00e4nde entscheidend zu verbessern. Schnell kamen wir auf die Idee, dass elektrisches Licht eine riesige Erleichterung&#8230;<\/p>\n<\/div><\/div><div class=\"w-btn-wrapper align_none\"><a class=\"w-btn us-btn-style_6 icon_atright\" href=\"https:\/\/zschorlau.help\/index.php\/projekte\/100-lampen-in-dunkle-huetten\/\"><span class=\"w-btn-label\">Mehr<\/span><i class=\"fas fa-angle-right\"><\/i><\/a><\/div><\/div><\/div><\/div><div class=\"vc_col-sm-4 wpb_column vc_column_container\"><div class=\"vc_column-inner\"><div class=\"wpb_wrapper\"><\/div><\/div><\/div><\/div><\/div><\/section>\n","protected":false},"excerpt":{"rendered":"Hilfe zur Selbsthilfe Nicht nur ein Tropfen auf dem hei\u00dfen Stein Wir betreuen in Ukunda und Umgebung einige Projekte. Manche sind schon abgeschlossen und andere werden neu entwickelt. Wir haben uns immer genau \u00fcberlegt, wem und wie wir am besten helfen k\u00f6nnten. Unser Glaube und unser Verstand haben uns dabei gelenkt. Alle Projekte sind und...","protected":false},"author":4,"featured_media":0,"parent":0,"menu_order":0,"comment_status":"closed","ping_status":"closed","template":"","meta":{"footnotes":""},"class_list":["post-31","page","type-page","status-publish","hentry"],"_links":{"self":[{"href":"https:\/\/zschorlau.help\/index.php\/wp-json\/wp\/v2\/pages\/31","targetHints":{"allow":["GET"]}}],"collection":[{"href":"https:\/\/zschorlau.help\/index.php\/wp-json\/wp\/v2\/pages"}],"about":[{"href":"https:\/\/zschorlau.help\/index.php\/wp-json\/wp\/v2\/types\/page"}],"author":[{"embeddable":true,"href":"https:\/\/zschorlau.help\/index.php\/wp-json\/wp\/v2\/users\/4"}],"replies":[{"embeddable":true,"href":"https:\/\/zschorlau.help\/index.php\/wp-json\/wp\/v2\/comments?post=31"}],"version-history":[{"count":47,"href":"https:\/\/zschorlau.help\/index.php\/wp-json\/wp\/v2\/pages\/31\/revisions"}],"predecessor-version":[{"id":2199,"href":"https:\/\/zschorlau.help\/index.php\/wp-json\/wp\/v2\/pages\/31\/revisions\/2199"}],"wp:attachment":[{"href":"https:\/\/zschorlau.help\/index.php\/wp-json\/wp\/v2\/media?parent=31"}],"curies":[{"name":"wp","href":"https:\/\/api.w.org\/{rel}","templated":true}]}}