{"id":327,"date":"2018-02-15T12:49:42","date_gmt":"2018-02-15T11:49:42","guid":{"rendered":"https:\/\/zschorlau.help\/?page_id=327"},"modified":"2020-04-13T14:45:05","modified_gmt":"2020-04-13T12:45:05","slug":"kontakt","status":"publish","type":"page","link":"https:\/\/zschorlau.help\/index.php\/kontakt\/","title":{"rendered":"Kontakt"},"content":{"rendered":"<section class=\"l-section wpb_row height_medium with_img\"><div class=\"l-section-img\" role=\"img\" aria-label=\"Bild\" data-img-width=\"3264\" data-img-height=\"2448\" style=\"background-image: url(https:\/\/zschorlau.help\/wp-content\/uploads\/2017\/09\/P1070379-e1521048732832.jpg);\"><\/div><div class=\"l-section-h i-cf\"><div class=\"g-cols vc_row via_flex valign_top type_default stacking_default\"><div class=\"vc_col-sm-12 wpb_column vc_column_container\"><div class=\"vc_column-inner\"><div class=\"wpb_wrapper\"><div class=\"wpb_text_column\"><div class=\"wpb_wrapper\"><h1 style=\"text-align: center;\"><span style=\"color: #ffffff;\">Wir freuen uns von dir zu h\u00f6ren!<\/span><\/h1>\n<\/div><\/div><\/div><\/div><\/div><\/div><\/div><\/section><section class=\"l-section wpb_row height_large\"><div class=\"l-section-overlay\" style=\"background:rgba(218,224,224,0.4)\"><\/div><div class=\"l-section-h i-cf\"><div class=\"g-cols vc_row via_flex valign_top type_default stacking_default\"><div class=\"vc_col-sm-4 wpb_column vc_column_container us_animate_afc\"><div class=\"vc_column-inner\"><div class=\"wpb_wrapper\"><div class=\"wpb_text_column\"><div class=\"wpb_wrapper\"><p>Gerne stellen wir unsere Projekte bei euch direkt vor.<\/p>\n<p>Beate wird in einem sehr anschaulichen Vortrag \u00fcber die Hilfe und Arbeit in Kenia berichten.<\/p>\n<p>\u00dcber Interesse w\u00fcrden wir uns sehr freuen. Hierf\u00fcr bitte die angegebenen Kontaktdaten nutzen und einen Termin vereinbaren.<\/p>\n<\/div><\/div><\/div><\/div><\/div><div class=\"vc_col-sm-4 wpb_column vc_column_container us_animate_afc\"><div class=\"vc_column-inner\"><div class=\"wpb_wrapper\"><div class=\"w-image us_custom_8b688bae align_none\"><div class=\"w-image-h\"><img decoding=\"async\" width=\"487\" height=\"337\" src=\"https:\/\/zschorlau.help\/wp-content\/uploads\/2019\/03\/DSC_1119-768x1151.jpg\" class=\"attachment-full size-full\" alt=\"\" loading=\"lazy\" srcset=\"https:\/\/zschorlau.help\/wp-content\/uploads\/2019\/03\/DSC_1119-768x1151.jpg 487w, https:\/\/zschorlau.help\/wp-content\/uploads\/2019\/03\/DSC_1119-768x1151-300x208.jpg 300w\" sizes=\"auto, (max-width: 487px) 100vw, 487px\" \/><\/div><\/div><\/div><\/div><\/div><div class=\"vc_col-sm-4 wpb_column vc_column_container us_animate_afc\"><div class=\"vc_column-inner\"><div class=\"wpb_wrapper\"><div class=\"wpb_text_column\"><div class=\"wpb_wrapper\"><p style=\"padding-left: 30px; text-align: center;\"><strong>Ren\u00e9 F\u00f6rster<br \/>\n<\/strong>August-Bebel-Str. 42<br \/>\n08321 Zschorlau<\/p>\n<p style=\"padding-left: 30px; text-align: center;\">Telefon:\u00a0 03771 \/ 400 87<br \/>\nE-Mail: <a href=\"mailto:kontakt@zschorlau.help\">kontakt@zschorlau.help<\/a><\/p>\n<\/div><\/div><div class=\"w-btn-wrapper align_center\"><a class=\"w-btn us-btn-style_6 us_custom_bc705c58 icon_atright\" href=\"https:\/\/www.google.com\/maps\/place\/August-Bebel-Stra\u00dfe+42,+08321+Zschorlau\/@50.5681224,12.647671,17z\/data=!3m1!4b1!4m5!3m4!1s0x47a0c97bef9a77f5:0x1ffee23767483b2!8m2!3d50.5681224!4d12.6498597\"><span class=\"w-btn-label\">Route anzeigen<\/span><i class=\"fas fa-angle-double-right\"><\/i><\/a><\/div><\/div><\/div><\/div><\/div><\/div><\/section>\n","protected":false},"excerpt":{"rendered":"Wir freuen uns von dir zu h\u00f6ren! Gerne stellen wir unsere Projekte bei euch direkt vor. Beate wird in einem sehr anschaulichen Vortrag \u00fcber die Hilfe und Arbeit in Kenia berichten. \u00dcber Interesse w\u00fcrden wir uns sehr freuen. Hierf\u00fcr bitte die angegebenen Kontaktdaten nutzen und einen Termin vereinbaren. Ren\u00e9 F\u00f6rster August-Bebel-Str. 42 08321 Zschorlau Telefon:\u00a0...","protected":false},"author":4,"featured_media":0,"parent":0,"menu_order":0,"comment_status":"closed","ping_status":"closed","template":"","meta":{"footnotes":""},"class_list":["post-327","page","type-page","status-publish","hentry"],"_links":{"self":[{"href":"https:\/\/zschorlau.help\/index.php\/wp-json\/wp\/v2\/pages\/327","targetHints":{"allow":["GET"]}}],"collection":[{"href":"https:\/\/zschorlau.help\/index.php\/wp-json\/wp\/v2\/pages"}],"about":[{"href":"https:\/\/zschorlau.help\/index.php\/wp-json\/wp\/v2\/types\/page"}],"author":[{"embeddable":true,"href":"https:\/\/zschorlau.help\/index.php\/wp-json\/wp\/v2\/users\/4"}],"replies":[{"embeddable":true,"href":"https:\/\/zschorlau.help\/index.php\/wp-json\/wp\/v2\/comments?post=327"}],"version-history":[{"count":47,"href":"https:\/\/zschorlau.help\/index.php\/wp-json\/wp\/v2\/pages\/327\/revisions"}],"predecessor-version":[{"id":1543,"href":"https:\/\/zschorlau.help\/index.php\/wp-json\/wp\/v2\/pages\/327\/revisions\/1543"}],"wp:attachment":[{"href":"https:\/\/zschorlau.help\/index.php\/wp-json\/wp\/v2\/media?parent=327"}],"curies":[{"name":"wp","href":"https:\/\/api.w.org\/{rel}","templated":true}]}}