{"id":443,"date":"2018-02-27T10:00:55","date_gmt":"2018-02-27T09:00:55","guid":{"rendered":"https:\/\/zschorlau.help\/?page_id=443"},"modified":"2025-01-09T16:31:45","modified_gmt":"2025-01-09T15:31:45","slug":"spende","status":"publish","type":"page","link":"https:\/\/zschorlau.help\/index.php\/spende\/","title":{"rendered":"Spende"},"content":{"rendered":"<section class=\"l-section wpb_row height_medium\"><div class=\"l-section-h i-cf\"><div class=\"g-cols vc_row via_flex valign_top type_default stacking_default\"><div class=\"vc_col-sm-12 wpb_column vc_column_container\"><div class=\"vc_column-inner us_custom_8f2ba1f4 us_animate_this\"><div class=\"wpb_wrapper\"><div class=\"wpb_text_column\"><div class=\"wpb_wrapper\"><h1 style=\"text-align: center;\">Hier kann man helfen.<\/h1>\n<\/div><\/div><\/div><\/div><\/div><\/div><\/div><\/section><section class=\"l-section wpb_row height_small color_alternate\"><div class=\"l-section-h i-cf\"><div class=\"g-cols vc_row via_flex valign_top type_default stacking_default\"><div class=\"vc_col-sm-3 wpb_column vc_column_container\"><div class=\"vc_column-inner\"><div class=\"wpb_wrapper\"><div class=\"wpb_text_column\"><div class=\"wpb_wrapper\"><h5 style=\"text-align: center;\">zschorlau.help e.V.<\/h5>\n<\/div><\/div><\/div><\/div><\/div><div class=\"vc_col-sm-3 wpb_column vc_column_container\"><div class=\"vc_column-inner\"><div class=\"wpb_wrapper\"><div class=\"wpb_text_column\"><div class=\"wpb_wrapper\"><h5 style=\"text-align: center;\">IBAN: DE60870540000725070498<\/h5>\n<\/div><\/div><\/div><\/div><\/div><div class=\"vc_col-sm-3 wpb_column vc_column_container\"><div class=\"vc_column-inner\"><div class=\"wpb_wrapper\"><div class=\"wpb_text_column\"><div class=\"wpb_wrapper\"><h5 style=\"text-align: center;\">BIC: WELADED1STB<\/h5>\n<\/div><\/div><\/div><\/div><\/div><div class=\"vc_col-sm-3 wpb_column vc_column_container\"><div class=\"vc_column-inner\"><div class=\"wpb_wrapper\"><div class=\"wpb_text_column\"><div class=\"wpb_wrapper\"><h5 style=\"text-align: center;\">Erzgebirgssparkasse<\/h5>\n<\/div><\/div><\/div><\/div><\/div><\/div><\/div><\/section><section class=\"l-section wpb_row height_medium\"><div class=\"l-section-h i-cf\"><div class=\"g-cols vc_row via_flex valign_top type_default stacking_default\"><div class=\"vc_col-sm-6 wpb_column vc_column_container\"><div class=\"vc_column-inner\"><div class=\"wpb_wrapper\"><div class=\"w-btn-wrapper align_center\"><a class=\"w-btn us-btn-style_1 us_custom_ff779d58 has_text_color\" href=\"https:\/\/www.paypal.com\/donate?hosted_button_id=PABR9Z4D8R4LG\"><span class=\"w-btn-label\">PAYPAL<\/span><\/a><\/div><div class=\"wpb_text_column\"><div class=\"wpb_wrapper\"><p>\u00a0<\/p>\n<p style=\"text-align: center;\">Du kannst gern \u00fcber diese Bankverbindung deine Spende \u00fcberweisen oder bequem per PAYPAL.<\/p>\n<p style=\"text-align: center;\">F\u00fcr eine Spendenbescheinigung<\/p>\n<p style=\"text-align: center;\">hinterlasse deine Anschrift im Feld f\u00fcr Verwendungszweck<\/p>\n<p style=\"text-align: center;\">oder schreibe uns gerne ein E-Mail an<\/p>\n<p style=\"text-align: center;\">kontakt@zschorlau.help<\/p>\n<\/div><\/div><\/div><\/div><\/div><div class=\"vc_col-sm-6 wpb_column vc_column_container\"><div class=\"vc_column-inner\"><div class=\"wpb_wrapper\"><div class=\"w-image align_none\"><div class=\"w-image-h\"><img decoding=\"async\" width=\"1024\" height=\"683\" src=\"https:\/\/zschorlau.help\/wp-content\/uploads\/2018\/04\/IMG_6666-1024x683.jpg\" class=\"attachment-large size-large\" alt=\"\" loading=\"lazy\" srcset=\"https:\/\/zschorlau.help\/wp-content\/uploads\/2018\/04\/IMG_6666-1024x683.jpg 1024w, https:\/\/zschorlau.help\/wp-content\/uploads\/2018\/04\/IMG_6666-300x200.jpg 300w, https:\/\/zschorlau.help\/wp-content\/uploads\/2018\/04\/IMG_6666-768x512.jpg 768w\" sizes=\"auto, (max-width: 1024px) 100vw, 1024px\" \/><\/div><\/div><\/div><\/div><\/div><\/div><\/div><\/section><section class=\"l-section wpb_row height_medium\"><div class=\"l-section-h i-cf\"><div class=\"g-cols vc_row via_flex valign_top type_default stacking_default\"><div class=\"vc_col-sm-12 wpb_column vc_column_container\"><div class=\"vc_column-inner\"><div class=\"wpb_wrapper\"><\/div><\/div><\/div><\/div><\/div><\/section>\n","protected":false},"excerpt":{"rendered":"Hier kann man helfen. zschorlau.help e.V. IBAN: DE60870540000725070498 BIC: WELADED1STB Erzgebirgssparkasse PAYPAL\u00a0 Du kannst gern \u00fcber diese Bankverbindung deine Spende \u00fcberweisen oder bequem per PAYPAL. F\u00fcr eine Spendenbescheinigung hinterlasse deine Anschrift im Feld f\u00fcr Verwendungszweck oder schreibe uns gerne ein E-Mail an kontakt@zschorlau.help","protected":false},"author":4,"featured_media":0,"parent":0,"menu_order":0,"comment_status":"closed","ping_status":"closed","template":"","meta":{"footnotes":""},"class_list":["post-443","page","type-page","status-publish","hentry"],"_links":{"self":[{"href":"https:\/\/zschorlau.help\/index.php\/wp-json\/wp\/v2\/pages\/443","targetHints":{"allow":["GET"]}}],"collection":[{"href":"https:\/\/zschorlau.help\/index.php\/wp-json\/wp\/v2\/pages"}],"about":[{"href":"https:\/\/zschorlau.help\/index.php\/wp-json\/wp\/v2\/types\/page"}],"author":[{"embeddable":true,"href":"https:\/\/zschorlau.help\/index.php\/wp-json\/wp\/v2\/users\/4"}],"replies":[{"embeddable":true,"href":"https:\/\/zschorlau.help\/index.php\/wp-json\/wp\/v2\/comments?post=443"}],"version-history":[{"count":68,"href":"https:\/\/zschorlau.help\/index.php\/wp-json\/wp\/v2\/pages\/443\/revisions"}],"predecessor-version":[{"id":1926,"href":"https:\/\/zschorlau.help\/index.php\/wp-json\/wp\/v2\/pages\/443\/revisions\/1926"}],"wp:attachment":[{"href":"https:\/\/zschorlau.help\/index.php\/wp-json\/wp\/v2\/media?parent=443"}],"curies":[{"name":"wp","href":"https:\/\/api.w.org\/{rel}","templated":true}]}}