{"id":49,"date":"2017-09-14T13:09:14","date_gmt":"2017-09-14T11:09:14","guid":{"rendered":"https:\/\/zschorlau.help\/?page_id=49"},"modified":"2026-03-25T09:25:57","modified_gmt":"2026-03-25T08:25:57","slug":"die-schulpatenschaften","status":"publish","type":"page","link":"https:\/\/zschorlau.help\/index.php\/die-schulpatenschaften\/","title":{"rendered":"Berufsbildung \/ Schulbildung"},"content":{"rendered":"<section class=\"l-section wpb_row height_large with_img parallax_ver\"><div class=\"l-section-img\" role=\"img\" aria-label=\"Bild\" data-img-width=\"3648\" data-img-height=\"2736\" style=\"background-image: url(https:\/\/zschorlau.help\/wp-content\/uploads\/2017\/09\/CIMG3979.jpg);\"><\/div><div class=\"l-section-overlay\" style=\"background:rgba(0,0,0,0.42)\"><\/div><div class=\"l-section-h i-cf\"><div class=\"g-cols vc_row via_flex valign_top type_default stacking_default\"><div class=\"vc_col-sm-12 wpb_column vc_column_container\"><div class=\"vc_column-inner\"><div class=\"wpb_wrapper\"><div class=\"wpb_text_column\"><div class=\"wpb_wrapper\"><h2 style=\"text-align: center;\"><span style=\"color: #ffffff;\">Bildung gibt Zukunft<\/span><\/h2>\n<\/div><\/div><\/div><\/div><\/div><\/div><\/div><\/section><section class=\"l-section wpb_row height_medium\"><div class=\"l-section-h i-cf\"><div class=\"g-cols vc_row via_flex valign_top type_default stacking_default\"><div class=\"vc_col-sm-6 wpb_column vc_column_container\"><div class=\"vc_column-inner\"><div class=\"wpb_wrapper\"><div class=\"w-slider style_none fit_contain nav_none count_13\"><div class=\"w-slider-h\" aria-hidden=\"true\"><div class=\"royalSlider\"><div class=\"rsContent\"><a class=\"rsImg\" data-rsw=\"576\" data-rsh=\"1024\" href=\"https:\/\/zschorlau.help\/wp-content\/uploads\/2026\/03\/Schulpatenkinder3-576x1024.jpeg\"><span data-alt=\"\"><\/span><\/a><\/div><div class=\"rsContent\"><a class=\"rsImg\" data-rsw=\"576\" data-rsh=\"1024\" href=\"https:\/\/zschorlau.help\/wp-content\/uploads\/2026\/03\/Schulpatenkinder2-576x1024.jpeg\"><span data-alt=\"\"><\/span><\/a><\/div><div class=\"rsContent\"><a class=\"rsImg\" data-rsw=\"576\" data-rsh=\"1024\" href=\"https:\/\/zschorlau.help\/wp-content\/uploads\/2026\/03\/Schulpatenkinder5-576x1024.jpeg\"><span data-alt=\"\"><\/span><\/a><\/div><div class=\"rsContent\"><a class=\"rsImg\" data-rsw=\"768\" data-rsh=\"1024\" href=\"https:\/\/zschorlau.help\/wp-content\/uploads\/2026\/03\/Schulpatenkinder4-768x1024.jpeg\"><span data-alt=\"\"><\/span><\/a><\/div><div class=\"rsContent\"><a class=\"rsImg\" data-rsw=\"1024\" data-rsh=\"768\" href=\"https:\/\/zschorlau.help\/wp-content\/uploads\/2017\/09\/CIMG3979-1024x768.jpg\"><span data-alt=\"\"><\/span><\/a><\/div><div class=\"rsContent\"><a class=\"rsImg\" data-rsw=\"1024\" data-rsh=\"576\" href=\"https:\/\/zschorlau.help\/wp-content\/uploads\/2018\/03\/WhatsApp-Image-2017-09-22-at-18.11.13-1024x576.jpeg\"><span data-alt=\"\"><\/span><\/a><\/div><div class=\"rsContent\"><a class=\"rsImg\" data-rsw=\"684\" data-rsh=\"1024\" href=\"https:\/\/zschorlau.help\/wp-content\/uploads\/2017\/09\/DSC_2855-684x1024.jpg\"><span data-alt=\"\"><\/span><\/a><\/div><div class=\"rsContent\"><a class=\"rsImg\" data-rsw=\"684\" data-rsh=\"1024\" href=\"https:\/\/zschorlau.help\/wp-content\/uploads\/2017\/09\/DSC_2691-684x1024.jpg\"><span data-alt=\"\"><\/span><\/a><\/div><div class=\"rsContent\"><a class=\"rsImg\" data-rsw=\"980\" data-rsh=\"625\" href=\"https:\/\/zschorlau.help\/wp-content\/uploads\/2017\/09\/34dca74ee03f0ed2e5f6.jpg\"><span data-alt=\"\"><\/span><\/a><\/div><div class=\"rsContent\"><a class=\"rsImg\" data-rsw=\"768\" data-rsh=\"1024\" href=\"https:\/\/zschorlau.help\/wp-content\/uploads\/2018\/03\/P1110736-e1519899638872-768x1024.jpg\"><span data-alt=\"\"><\/span><\/a><\/div><div class=\"rsContent\"><a class=\"rsImg\" data-rsw=\"1024\" data-rsh=\"683\" href=\"https:\/\/zschorlau.help\/wp-content\/uploads\/2018\/02\/IMG_6851-1024x683.jpg\"><span data-alt=\"\"><\/span><\/a><\/div><div class=\"rsContent\"><a class=\"rsImg\" data-rsw=\"1024\" data-rsh=\"684\" href=\"https:\/\/zschorlau.help\/wp-content\/uploads\/2017\/09\/DSC_2507-1024x684.jpg\"><span data-alt=\"\"><\/span><\/a><\/div><div class=\"rsContent\"><a class=\"rsImg\" data-rsw=\"1024\" data-rsh=\"768\" href=\"https:\/\/zschorlau.help\/wp-content\/uploads\/2019\/12\/absolvent-IT-1024x768.jpeg\"><span data-alt=\"\"><\/span><\/a><\/div><\/div><img decoding=\"async\" src=\"https:\/\/zschorlau.help\/wp-content\/uploads\/2026\/03\/Schulpatenkinder3-576x1024.jpeg\" width=\"576\" height=\"1024\" alt loading=\"lazy\"><\/div><div class=\"w-slider-json\" onclick='return {&quot;autoScaleSlider&quot;:true,&quot;addActiveClass&quot;:true,&quot;loop&quot;:true,&quot;fadeInLoadedSlide&quot;:false,&quot;slidesSpacing&quot;:0,&quot;imageScalePadding&quot;:0,&quot;numImagesToPreload&quot;:2,&quot;arrowsNav&quot;:true,&quot;arrowsNavAutoHide&quot;:false,&quot;transitionType&quot;:&quot;move&quot;,&quot;transitionSpeed&quot;:250,&quot;block&quot;:{&quot;moveEffect&quot;:&quot;none&quot;,&quot;speed&quot;:300},&quot;thumbs&quot;:{&quot;fitInViewport&quot;:false,&quot;firstMargin&quot;:false,&quot;spacing&quot;:4},&quot;controlNavigation&quot;:&quot;none&quot;,&quot;autoplay&quot;:{&quot;enabled&quot;:true,&quot;pauseOnHover&quot;:true,&quot;delay&quot;:3000},&quot;autoScaleSliderWidth&quot;:576,&quot;autoScaleSliderHeight&quot;:1024}'><\/div><\/div><\/div><\/div><\/div><div class=\"vc_col-sm-6 wpb_column vc_column_container\"><div class=\"vc_column-inner\"><div class=\"wpb_wrapper\"><div class=\"w-counter color_heading align_center\" data-duration=\"2\"><div class=\"w-counter-value\"><span class=\"w-counter-value-part type_text\" data-final=\"\"><\/span><span class=\"w-counter-value-part type_number\" data-final=\"12\">0<\/span><span class=\"w-counter-value-part type_text\" data-final=\"\"><\/span><\/div><h6 class=\"w-counter-title\">bestehende Patenschaften<\/h6><\/div><div class=\"wpb_text_column\"><div class=\"wpb_wrapper\"><h4>Schulbildung<\/h4>\n<p>Wir unterst\u00fctzen in diesem Projekt vor allem die Familie von<a href=\"https:\/\/zschorlau.help\/index.php\/der-brunnenbau\/\"> Kassim Rama.<\/a> Er hat 5 Geschwister und schon einige Neffen und Nichten. Leider k\u00f6nnen sie sich die Schulkleidung und Geb\u00fchren nicht leisten. Darum werden die Kinder mit einer regelm\u00e4\u00dfigen Spende unterst\u00fctzt und erhalten somit Verpflegung und Bildung. Die Organisation der Schulpatenschaften \u00fcbernimmt hierbei Kims Frau Mercy. Sie ist selber Lehrerin und kennst sich bestens mit dem Kenianischen Schulsystem aus.<\/p>\n<\/div><\/div><div class=\"wpb_text_column\"><div class=\"wpb_wrapper\"><h4>Berufsbildung<\/h4>\n<p>Wir \u00fcbernehmen au\u00dferdem die Ausbildungskosten von 2 jungen M\u00e4nnern. Eine Ausbildung findet im Computerbereich statt. Hier haben wir in einen Laptop investiert. Die zweite Ausbildung ist eine zum Elektriker. Die Ausbildungen dauern 3 Jahre und sind nicht staatlich gef\u00f6rdert. Mit unserer Hilfe k\u00f6nnen wir den jungen Leuten eine Perspektive geben.<\/p>\n<p>Neu: Der IT-Sch\u00fcler hat seine Ausbildung erfolgreich abgeschlossen. Wir freuen uns sehr.<\/p>\n<\/div><\/div><div class=\"w-btn-wrapper align_none\"><a class=\"w-btn us-btn-style_5\" title=\"IT -Sch\u00fcler mit erfolgreichem Abschluss\" href=\"https:\/\/zschorlau.help\/index.php\/2019\/12\/17\/it-schueler-mit-erfolgreichen-abschluss-artikel-im-amtsblatt-01-20\/\"><span class=\"w-btn-label\">Beitrag<\/span><\/a><\/div><\/div><\/div><\/div><div class=\"vc_col-sm-12 wpb_column vc_column_container\"><div class=\"vc_column-inner\"><div class=\"wpb_wrapper\"><div class=\"w-separator size_medium with_line width_default thick_1 style_solid color_border align_center\"><div class=\"w-separator-h\"><\/div><\/div><div class=\"g-cols wpb_row via_flex valign_middle type_default stacking_default\"><div class=\"vc_col-sm-3 wpb_column vc_column_container\"><div class=\"vc_column-inner\"><div class=\"wpb_wrapper\"><div class=\"w-btn-wrapper align_center\"><a class=\"w-btn us-btn-style_6\" href=\"https:\/\/zschorlau.help\/index.php\/die-musikschule\/\"><span class=\"w-btn-label\">Musikschule<\/span><\/a><\/div><\/div><\/div><\/div><div class=\"vc_col-sm-3 wpb_column vc_column_container\"><div class=\"vc_column-inner\"><div class=\"wpb_wrapper\"><div class=\"w-btn-wrapper align_center\"><a class=\"w-btn us-btn-style_6\" href=\"https:\/\/zschorlau.help\/index.php\/aktuelle-news-aus-afrika\/\"><span class=\"w-btn-label\">News aus Afrika<\/span><\/a><\/div><\/div><\/div><\/div><div class=\"vc_col-sm-3 wpb_column vc_column_container\"><div class=\"vc_column-inner\"><div class=\"wpb_wrapper\"><div class=\"w-btn-wrapper align_center\"><a class=\"w-btn us-btn-style_6\" href=\"https:\/\/zschorlau.help\/index.php\/waisenhaus-ucunda\/\"><span class=\"w-btn-label\">Waisenhaus<\/span><\/a><\/div><\/div><\/div><\/div><div class=\"vc_col-sm-3 wpb_column vc_column_container\"><div class=\"vc_column-inner\"><div class=\"wpb_wrapper\"><div class=\"w-btn-wrapper align_center\"><a class=\"w-btn us-btn-style_7\" href=\"https:\/\/zschorlau.help\/index.php\/spende\/\"><span class=\"w-btn-label\">Spende<\/span><\/a><\/div><\/div><\/div><\/div><\/div><\/div><\/div><\/div><div class=\"vc_col-sm-12 wpb_column vc_column_container\"><div class=\"vc_column-inner\"><div class=\"wpb_wrapper\"><\/div><\/div><\/div><\/div><\/div><\/section>\n","protected":false},"excerpt":{"rendered":"Bildung gibt Zukunft 0bestehende PatenschaftenSchulbildung Wir unterst\u00fctzen in diesem Projekt vor allem die Familie von Kassim Rama. Er hat 5 Geschwister und schon einige Neffen und Nichten. Leider k\u00f6nnen sie sich die Schulkleidung und Geb\u00fchren nicht leisten. Darum werden die Kinder mit einer regelm\u00e4\u00dfigen Spende unterst\u00fctzt und erhalten somit Verpflegung und Bildung. Die Organisation der...","protected":false},"author":4,"featured_media":0,"parent":0,"menu_order":0,"comment_status":"closed","ping_status":"closed","template":"","meta":{"footnotes":""},"class_list":["post-49","page","type-page","status-publish","hentry"],"_links":{"self":[{"href":"https:\/\/zschorlau.help\/index.php\/wp-json\/wp\/v2\/pages\/49","targetHints":{"allow":["GET"]}}],"collection":[{"href":"https:\/\/zschorlau.help\/index.php\/wp-json\/wp\/v2\/pages"}],"about":[{"href":"https:\/\/zschorlau.help\/index.php\/wp-json\/wp\/v2\/types\/page"}],"author":[{"embeddable":true,"href":"https:\/\/zschorlau.help\/index.php\/wp-json\/wp\/v2\/users\/4"}],"replies":[{"embeddable":true,"href":"https:\/\/zschorlau.help\/index.php\/wp-json\/wp\/v2\/comments?post=49"}],"version-history":[{"count":33,"href":"https:\/\/zschorlau.help\/index.php\/wp-json\/wp\/v2\/pages\/49\/revisions"}],"predecessor-version":[{"id":2093,"href":"https:\/\/zschorlau.help\/index.php\/wp-json\/wp\/v2\/pages\/49\/revisions\/2093"}],"wp:attachment":[{"href":"https:\/\/zschorlau.help\/index.php\/wp-json\/wp\/v2\/media?parent=49"}],"curies":[{"name":"wp","href":"https:\/\/api.w.org\/{rel}","templated":true}]}}